{"id":407,"date":"2025-11-05T09:33:47","date_gmt":"2025-11-05T09:33:47","guid":{"rendered":"https:\/\/valair.mydmc.ch\/?page_id=407"},"modified":"2025-11-24T14:25:12","modified_gmt":"2025-11-24T14:25:12","slug":"mentions-legales","status":"publish","type":"page","link":"https:\/\/valairsa.ch\/de\/mentions-legales\/","title":{"rendered":"Rechtliche Hinweise"},"content":{"rendered":"<div data-elementor-type=\"wp-page\" data-elementor-id=\"407\" class=\"elementor elementor-407\" data-elementor-post-type=\"page\">\n\t\t\t\t<div class=\"elementor-element elementor-element-63adea7 e-con-full e-flex e-con e-parent\" data-id=\"63adea7\" data-element_type=\"container\" data-settings=\"{&quot;background_background&quot;:&quot;classic&quot;}\">\n\t\t\t\t<div class=\"elementor-element elementor-element-252d687 elementor-invisible elementor-widget elementor-widget-heading\" data-id=\"252d687\" data-element_type=\"widget\" data-settings=\"{&quot;_animation&quot;:&quot;fadeInRight&quot;}\" data-widget_type=\"heading.default\">\n\t\t\t\t<div class=\"elementor-widget-container\">\n\t\t\t\t\t<h2 class=\"elementor-heading-title elementor-size-default\">Rechtliche Hinweise<\/h2>\t\t\t\t<\/div>\n\t\t\t\t<\/div>\n\t\t\t\t<\/div>\n\t\t<div class=\"elementor-element elementor-element-13c050a e-con-full e-flex e-con e-parent\" data-id=\"13c050a\" data-element_type=\"container\">\n\t\t<div class=\"elementor-element elementor-element-d150da6 e-con-full e-flex e-con e-child\" data-id=\"d150da6\" data-element_type=\"container\">\n\t\t<div class=\"elementor-element elementor-element-ec2317c e-con-full e-flex e-con e-child\" data-id=\"ec2317c\" data-element_type=\"container\">\n\t\t\t\t<div class=\"elementor-element elementor-element-0cadeb2 elementor-invisible elementor-widget elementor-widget-text-editor\" data-id=\"0cadeb2\" data-element_type=\"widget\" data-settings=\"{&quot;_animation&quot;:&quot;zoomIn&quot;}\" data-widget_type=\"text-editor.default\">\n\t\t\t\t<div class=\"elementor-widget-container\">\n\t\t\t\t\t\t\t\t\t<p><strong>Nom de l&rsquo;entreprise :<\/strong><\/p>\n<p><span style=\"color: #000000;\"><strong>Valair T\u00f4lerie-Ventilation SA<br><br><\/strong><\/span><\/p><p><strong>Adresse postale :<\/strong><\/p>\n<p><span style=\"color: #000000;\"><strong>Route de Chandoline 37<\/strong><strong><br><\/strong><strong>1950 Sion<br><br><\/strong><\/span><\/p>\n<p><\/p>\n<p><strong>T\u00e9l\u00e9phone :<\/strong><\/p>\n<p><span style=\"color: #000000;\"><strong><a style=\"color: #000000;\" href=\"tel:+41%2027%20203%2033%2021\">+41 27 203 33 21<\/a><\/strong><\/span><\/p>\t\t\t\t\t\t\t\t<\/div>\n\t\t\t\t<\/div>\n\t\t\t\t<\/div>\n\t\t\t\t<\/div>\n\t\t\t\t<\/div>\n\t\t\t\t<\/div>","protected":false},"excerpt":{"rendered":"<p>Mentions l\u00e9gales Nom de l&rsquo;entreprise : Valair T\u00f4lerie-Ventilation SA Adresse postale : Route de Chandoline 371950 Sion T\u00e9l\u00e9phone : +41 27 203 33 21<\/p>","protected":false},"author":5,"featured_media":0,"parent":0,"menu_order":0,"comment_status":"closed","ping_status":"closed","template":"","meta":{"footnotes":""},"class_list":["post-407","page","type-page","status-publish","hentry"],"yoast_head":"<!-- This site is optimized with the Yoast SEO plugin v26.3 - https:\/\/yoast.com\/wordpress\/plugins\/seo\/ -->\n<title>Mentions l\u00e9gales - VALAIR<\/title>\n<meta name=\"robots\" content=\"noindex, nofollow\" \/>\n<meta property=\"og:locale\" content=\"de_DE\" \/>\n<meta property=\"og:type\" content=\"article\" \/>\n<meta property=\"og:title\" content=\"Mentions l\u00e9gales - VALAIR\" \/>\n<meta property=\"og:description\" content=\"Mentions l\u00e9gales Nom de l&rsquo;entreprise : Valair T\u00f4lerie-Ventilation SA Adresse postale : Route de Chandoline 371950 Sion T\u00e9l\u00e9phone : +41 27 203 33 21\" \/>\n<meta property=\"og:url\" content=\"http:\/\/valairsa.ch\/de\/mentions-legales\/\" \/>\n<meta property=\"og:site_name\" content=\"VALAIR\" \/>\n<meta property=\"article:modified_time\" content=\"2025-11-24T14:25:12+00:00\" \/>\n<meta name=\"twitter:card\" content=\"summary_large_image\" \/>\n<meta name=\"twitter:label1\" content=\"Gesch\u00e4tzte Lesezeit\" \/>\n\t<meta name=\"twitter:data1\" content=\"1\u00a0Minute\" \/>\n<script type=\"application\/ld+json\" class=\"yoast-schema-graph\">{\"@context\":\"https:\/\/schema.org\",\"@graph\":[{\"@type\":\"WebPage\",\"@id\":\"http:\/\/valairsa.ch\/mentions-legales\/\",\"url\":\"http:\/\/valairsa.ch\/mentions-legales\/\",\"name\":\"Mentions l\u00e9gales - VALAIR\",\"isPartOf\":{\"@id\":\"http:\/\/valairsa.ch\/#website\"},\"datePublished\":\"2025-11-05T09:33:47+00:00\",\"dateModified\":\"2025-11-24T14:25:12+00:00\",\"breadcrumb\":{\"@id\":\"http:\/\/valairsa.ch\/mentions-legales\/#breadcrumb\"},\"inLanguage\":\"de\",\"potentialAction\":[{\"@type\":\"ReadAction\",\"target\":[\"http:\/\/valairsa.ch\/mentions-legales\/\"]}]},{\"@type\":\"BreadcrumbList\",\"@id\":\"http:\/\/valairsa.ch\/mentions-legales\/#breadcrumb\",\"itemListElement\":[{\"@type\":\"ListItem\",\"position\":1,\"name\":\"Accueil\",\"item\":\"http:\/\/valairsa.ch\/\"},{\"@type\":\"ListItem\",\"position\":2,\"name\":\"Mentions l\u00e9gales\"}]},{\"@type\":\"WebSite\",\"@id\":\"http:\/\/valairsa.ch\/#website\",\"url\":\"http:\/\/valairsa.ch\/\",\"name\":\"VALAIR\",\"description\":\"T\u00f4lerie Ventilation SA\",\"publisher\":{\"@id\":\"http:\/\/valairsa.ch\/#organization\"},\"potentialAction\":[{\"@type\":\"SearchAction\",\"target\":{\"@type\":\"EntryPoint\",\"urlTemplate\":\"http:\/\/valairsa.ch\/?s={search_term_string}\"},\"query-input\":{\"@type\":\"PropertyValueSpecification\",\"valueRequired\":true,\"valueName\":\"search_term_string\"}}],\"inLanguage\":\"de\"},{\"@type\":\"Organization\",\"@id\":\"http:\/\/valairsa.ch\/#organization\",\"name\":\"VALAIR\",\"url\":\"http:\/\/valairsa.ch\/\",\"logo\":{\"@type\":\"ImageObject\",\"inLanguage\":\"de\",\"@id\":\"http:\/\/valairsa.ch\/#\/schema\/logo\/image\/\",\"url\":\"https:\/\/valair.mydmc.ch\/wp-content\/uploads\/2025\/11\/valair.png\",\"contentUrl\":\"https:\/\/valair.mydmc.ch\/wp-content\/uploads\/2025\/11\/valair.png\",\"width\":1200,\"height\":675,\"caption\":\"VALAIR\"},\"image\":{\"@id\":\"http:\/\/valairsa.ch\/#\/schema\/logo\/image\/\"}}]}<\/script>\n<!-- \/ Yoast SEO plugin. -->","yoast_head_json":{"title":"Mentions l\u00e9gales - VALAIR","robots":{"index":"noindex","follow":"nofollow"},"og_locale":"de_DE","og_type":"article","og_title":"Mentions l\u00e9gales - VALAIR","og_description":"Mentions l\u00e9gales Nom de l&rsquo;entreprise : Valair T\u00f4lerie-Ventilation SA Adresse postale : Route de Chandoline 371950 Sion T\u00e9l\u00e9phone : +41 27 203 33 21","og_url":"http:\/\/valairsa.ch\/de\/mentions-legales\/","og_site_name":"VALAIR","article_modified_time":"2025-11-24T14:25:12+00:00","twitter_card":"summary_large_image","twitter_misc":{"Gesch\u00e4tzte Lesezeit":"1\u00a0Minute"},"schema":{"@context":"https:\/\/schema.org","@graph":[{"@type":"WebPage","@id":"http:\/\/valairsa.ch\/mentions-legales\/","url":"http:\/\/valairsa.ch\/mentions-legales\/","name":"Mentions l\u00e9gales - VALAIR","isPartOf":{"@id":"http:\/\/valairsa.ch\/#website"},"datePublished":"2025-11-05T09:33:47+00:00","dateModified":"2025-11-24T14:25:12+00:00","breadcrumb":{"@id":"http:\/\/valairsa.ch\/mentions-legales\/#breadcrumb"},"inLanguage":"de","potentialAction":[{"@type":"ReadAction","target":["http:\/\/valairsa.ch\/mentions-legales\/"]}]},{"@type":"BreadcrumbList","@id":"http:\/\/valairsa.ch\/mentions-legales\/#breadcrumb","itemListElement":[{"@type":"ListItem","position":1,"name":"Accueil","item":"http:\/\/valairsa.ch\/"},{"@type":"ListItem","position":2,"name":"Mentions l\u00e9gales"}]},{"@type":"WebSite","@id":"http:\/\/valairsa.ch\/#website","url":"http:\/\/valairsa.ch\/","name":"VALAIR","description":"T\u00f4lerie Ventilation SA","publisher":{"@id":"http:\/\/valairsa.ch\/#organization"},"potentialAction":[{"@type":"SearchAction","target":{"@type":"EntryPoint","urlTemplate":"http:\/\/valairsa.ch\/?s={search_term_string}"},"query-input":{"@type":"PropertyValueSpecification","valueRequired":true,"valueName":"search_term_string"}}],"inLanguage":"de"},{"@type":"Organization","@id":"http:\/\/valairsa.ch\/#organization","name":"VALAIR","url":"http:\/\/valairsa.ch\/","logo":{"@type":"ImageObject","inLanguage":"de","@id":"http:\/\/valairsa.ch\/#\/schema\/logo\/image\/","url":"https:\/\/valair.mydmc.ch\/wp-content\/uploads\/2025\/11\/valair.png","contentUrl":"https:\/\/valair.mydmc.ch\/wp-content\/uploads\/2025\/11\/valair.png","width":1200,"height":675,"caption":"VALAIR"},"image":{"@id":"http:\/\/valairsa.ch\/#\/schema\/logo\/image\/"}}]}},"_links":{"self":[{"href":"https:\/\/valairsa.ch\/de\/wp-json\/wp\/v2\/pages\/407","targetHints":{"allow":["GET"]}}],"collection":[{"href":"https:\/\/valairsa.ch\/de\/wp-json\/wp\/v2\/pages"}],"about":[{"href":"https:\/\/valairsa.ch\/de\/wp-json\/wp\/v2\/types\/page"}],"author":[{"embeddable":true,"href":"https:\/\/valairsa.ch\/de\/wp-json\/wp\/v2\/users\/5"}],"replies":[{"embeddable":true,"href":"https:\/\/valairsa.ch\/de\/wp-json\/wp\/v2\/comments?post=407"}],"version-history":[{"count":4,"href":"https:\/\/valairsa.ch\/de\/wp-json\/wp\/v2\/pages\/407\/revisions"}],"predecessor-version":[{"id":411,"href":"https:\/\/valairsa.ch\/de\/wp-json\/wp\/v2\/pages\/407\/revisions\/411"}],"wp:attachment":[{"href":"https:\/\/valairsa.ch\/de\/wp-json\/wp\/v2\/media?parent=407"}],"curies":[{"name":"wp","href":"https:\/\/api.w.org\/{rel}","templated":true}]}}