{"id":197,"date":"2025-11-03T14:31:00","date_gmt":"2025-11-03T14:31:00","guid":{"rendered":"https:\/\/valair.mydmc.ch\/?page_id=197"},"modified":"2025-11-24T15:00:48","modified_gmt":"2025-11-24T15:00:48","slug":"contact","status":"publish","type":"page","link":"https:\/\/valairsa.ch\/de\/contact\/","title":{"rendered":"Kontakt"},"content":{"rendered":"<div data-elementor-type=\"wp-page\" data-elementor-id=\"197\" class=\"elementor elementor-197\" data-elementor-post-type=\"page\">\n\t\t\t\t<div class=\"elementor-element elementor-element-1d973a8 e-con-full e-flex e-con e-parent\" data-id=\"1d973a8\" data-element_type=\"container\" data-settings=\"{&quot;background_background&quot;:&quot;classic&quot;}\">\n\t\t\t\t<div class=\"elementor-element elementor-element-5492998 elementor-invisible elementor-widget elementor-widget-heading\" data-id=\"5492998\" data-element_type=\"widget\" data-settings=\"{&quot;_animation&quot;:&quot;fadeInRight&quot;}\" data-widget_type=\"heading.default\">\n\t\t\t\t<div class=\"elementor-widget-container\">\n\t\t\t\t\t<h2 class=\"elementor-heading-title elementor-size-default\">Kontaktiere uns<\/h2>\t\t\t\t<\/div>\n\t\t\t\t<\/div>\n\t\t\t\t<\/div>\n\t\t<div class=\"elementor-element elementor-element-653b052 e-con-full e-flex e-con e-parent\" data-id=\"653b052\" data-element_type=\"container\" data-settings=\"{&quot;background_background&quot;:&quot;classic&quot;}\">\n\t\t\t\t<div class=\"elementor-element elementor-element-7de3aca elementor-widget elementor-widget-heading\" data-id=\"7de3aca\" data-element_type=\"widget\" data-widget_type=\"heading.default\">\n\t\t\t\t<div class=\"elementor-widget-container\">\n\t\t\t\t\t<h2 class=\"elementor-heading-title elementor-size-default\">Jedes Projekt verdient gr\u00f6\u00dfte Sorgfalt<\/h2>\t\t\t\t<\/div>\n\t\t\t\t<\/div>\n\t\t\t\t<div class=\"elementor-element elementor-element-9f4772d elementor-button-align-center elementor-widget__width-initial elementor-widget-mobile__width-inherit elementor-widget elementor-widget-form\" data-id=\"9f4772d\" data-element_type=\"widget\" data-settings=\"{&quot;step_next_label&quot;:&quot;Suivant&quot;,&quot;step_previous_label&quot;:&quot;Pr\\u00e9c\\u00e9dent&quot;,&quot;button_width&quot;:&quot;100&quot;,&quot;step_type&quot;:&quot;number_text&quot;,&quot;step_icon_shape&quot;:&quot;circle&quot;}\" data-widget_type=\"form.default\">\n\t\t\t\t<div class=\"elementor-widget-container\">\n\t\t\t\t\t\t\t<form class=\"elementor-form\" method=\"post\" name=\"formulaire offre demploi\" aria-label=\"formulaire offre demploi\" novalidate=\"\" action=\"\">\n\t\t\t<input type=\"hidden\" name=\"post_id\" value=\"197\"\/>\n\t\t\t<input type=\"hidden\" name=\"form_id\" value=\"9f4772d\"\/>\n\t\t\t<input type=\"hidden\" name=\"referer_title\" value=\"Contactez Valair SA | Votre partenaire en confort thermique\" \/>\n\n\t\t\t\t\t\t\t<input type=\"hidden\" name=\"queried_id\" value=\"197\"\/>\n\t\t\t\n\t\t\t<div class=\"elementor-form-fields-wrapper elementor-labels-above\">\n\t\t\t\t\t\t\t\t<div class=\"elementor-field-type-text elementor-field-group elementor-column elementor-field-group-name elementor-col-50 elementor-field-required\">\n\t\t\t\t\t\t\t\t\t\t\t\t<label for=\"form-field-name\" class=\"elementor-field-label\">\n\t\t\t\t\t\t\t\tVollst\u00e4ndiger Name:\t\t\t\t\t\t\t<\/label>\n\t\t\t\t\t\t\t\t\t\t\t\t\t\t<input size=\"1\" type=\"text\" name=\"form_fields[name]\" id=\"form-field-name\" class=\"elementor-field elementor-size-sm  elementor-field-textual\" required=\"required\">\n\t\t\t\t\t\t\t\t\t\t\t<\/div>\n\t\t\t\t\t\t\t\t<div class=\"elementor-field-type-tel elementor-field-group elementor-column elementor-field-group-field_cd0dd88 elementor-col-50 elementor-field-required\">\n\t\t\t\t\t\t\t\t\t\t\t\t<label for=\"form-field-field_cd0dd88\" class=\"elementor-field-label\">\n\t\t\t\t\t\t\t\tTelefon\t\t\t\t\t\t\t<\/label>\n\t\t\t\t\t\t\t\t<input size=\"1\" type=\"tel\" name=\"form_fields[field_cd0dd88]\" id=\"form-field-field_cd0dd88\" class=\"elementor-field elementor-size-sm  elementor-field-textual\" required=\"required\" pattern=\"[0-9()#&amp;+*-=.]+\" title=\"Seuls les caract\u00e8res de num\u00e9ros de t\u00e9l\u00e9phone (#, -, *, etc.) sont accept\u00e9s.\">\n\n\t\t\t\t\t\t<\/div>\n\t\t\t\t\t\t\t\t<div class=\"elementor-field-type-email elementor-field-group elementor-column elementor-field-group-email elementor-col-50 elementor-field-required\">\n\t\t\t\t\t\t\t\t\t\t\t\t<label for=\"form-field-email\" class=\"elementor-field-label\">\n\t\t\t\t\t\t\t\tEmail\t\t\t\t\t\t\t<\/label>\n\t\t\t\t\t\t\t\t\t\t\t\t\t\t<input size=\"1\" type=\"email\" name=\"form_fields[email]\" id=\"form-field-email\" class=\"elementor-field elementor-size-sm  elementor-field-textual\" required=\"required\">\n\t\t\t\t\t\t\t\t\t\t\t<\/div>\n\t\t\t\t\t\t\t\t<div class=\"elementor-field-type-text elementor-field-group elementor-column elementor-field-group-field_1efc738 elementor-col-50 elementor-field-required\">\n\t\t\t\t\t\t\t\t\t\t\t\t<label for=\"form-field-field_1efc738\" class=\"elementor-field-label\">\n\t\t\t\t\t\t\t\tObjekt\t\t\t\t\t\t\t<\/label>\n\t\t\t\t\t\t\t\t\t\t\t\t\t\t<input size=\"1\" type=\"text\" name=\"form_fields[field_1efc738]\" id=\"form-field-field_1efc738\" class=\"elementor-field elementor-size-sm  elementor-field-textual\" required=\"required\">\n\t\t\t\t\t\t\t\t\t\t\t<\/div>\n\t\t\t\t\t\t\t\t<div class=\"elementor-field-type-textarea elementor-field-group elementor-column elementor-field-group-message elementor-col-100 elementor-field-required\">\n\t\t\t\t\t\t\t\t\t\t\t\t<label for=\"form-field-message\" class=\"elementor-field-label\">\n\t\t\t\t\t\t\t\tNachricht\t\t\t\t\t\t\t<\/label>\n\t\t\t\t\t\t<textarea class=\"elementor-field-textual elementor-field  elementor-size-sm\" name=\"form_fields[message]\" id=\"form-field-message\" rows=\"4\" required=\"required\"><\/textarea>\t\t\t\t<\/div>\n\t\t\t\t\t\t\t\t<div class=\"elementor-field-type-acceptance elementor-field-group elementor-column elementor-field-group-field_8f1f3c6 elementor-col-100 elementor-field-required\">\n\t\t\t\t\t\t\t<div class=\"elementor-field-subgroup\">\n\t\t\t<span class=\"elementor-field-option\">\n\t\t\t\t<input type=\"checkbox\" name=\"form_fields[field_8f1f3c6]\" id=\"form-field-field_8f1f3c6\" class=\"elementor-field elementor-size-sm  elementor-acceptance-field\" required=\"required\">\n\t\t\t\t<label for=\"form-field-field_8f1f3c6\">Ich stimme der Verwendung meiner Daten im Rahmen der Datenschutzrichtlinie.<\/label>\t\t\t<\/span>\n\t\t<\/div>\n\t\t\t\t\t\t<\/div>\n\t\t\t\t\t\t\t\t<div class=\"elementor-field-type-recaptcha_v3 elementor-field-group elementor-column elementor-field-group-field_697c3e9 elementor-col-100 recaptcha_v3-bottomright\">\n\t\t\t\t\t<div class=\"elementor-field\" id=\"form-field-field_697c3e9\"><div class=\"elementor-g-recaptcha\" data-sitekey=\"6LcE6hYsAAAAACMpJyygSk4qZsB2fXI100Bsll2l\" data-type=\"v3\" data-action=\"Form\" data-badge=\"bottomright\" data-size=\"invisible\"><\/div><\/div>\t\t\t\t<\/div>\n\t\t\t\t\t\t\t\t<div class=\"elementor-field-group elementor-column elementor-field-type-submit elementor-col-100 e-form__buttons\">\n\t\t\t\t\t<button class=\"elementor-button elementor-size-lg\" type=\"submit\">\n\t\t\t\t\t\t<span class=\"elementor-button-content-wrapper\">\n\t\t\t\t\t\t\t\t\t\t\t\t\t\t\t\t\t\t\t\t\t\t<span class=\"elementor-button-text\">Schicken<\/span>\n\t\t\t\t\t\t\t\t\t\t\t\t\t<\/span>\n\t\t\t\t\t<\/button>\n\t\t\t\t<\/div>\n\t\t\t<\/div>\n\t\t<input type=\"hidden\" name=\"trp-form-language\" value=\"de\"\/><\/form>\n\t\t\t\t\t\t<\/div>\n\t\t\t\t<\/div>\n\t\t\t\t<\/div>\n\t\t<div class=\"elementor-element elementor-element-f8fbe63 e-con-full e-flex e-con e-parent\" data-id=\"f8fbe63\" data-element_type=\"container\">\n\t\t<div class=\"elementor-element elementor-element-9e0b1dd e-con-full e-flex e-con e-child\" data-id=\"9e0b1dd\" data-element_type=\"container\">\n\t\t<div class=\"elementor-element elementor-element-daf545f e-con-full e-flex e-con e-child\" data-id=\"daf545f\" data-element_type=\"container\">\n\t\t\t\t<div class=\"elementor-element elementor-element-d003116 elementor-widget elementor-widget-text-editor\" data-id=\"d003116\" data-element_type=\"widget\" data-widget_type=\"text-editor.default\">\n\t\t\t\t<div class=\"elementor-widget-container\">\n\t\t\t\t\t\t\t\t\t<p><strong>Adresse:\u00a0<\/strong> \u00a0 \u00a0 \u00a0 \u00a0 \u00a0<span style=\"color: #000000;\">Route de Chandoline 37<\/span><br \/><span style=\"color: #000000;\">\u00a0 \u00a0 \u00a0 \u00a0 \u00a0 \u00a0 \u00a0 \u00a0 \u00a0 \u00a0 \u00a0 \u00a0 \u00a0 1950 Sion<\/span><br \/><strong>Telefon\u00a0<\/strong> \u00a0 \u00a0 \u00a0<span style=\"color: #000000;\">+41 27 203 33 21<\/span><br \/><strong>E-mail:\u00a0<\/strong> \u00a0 \u00a0 \u00a0 \u00a0 \u00a0 \u00a0 <span style=\"color: #000000;\">info@valairsa.ch<\/span><\/p>\t\t\t\t\t\t\t\t<\/div>\n\t\t\t\t<\/div>\n\t\t\t\t<\/div>\n\t\t<div class=\"elementor-element elementor-element-3fa821a e-con-full e-flex e-con e-child\" data-id=\"3fa821a\" data-element_type=\"container\">\n\t\t\t\t<div class=\"elementor-element elementor-element-feebbab elementor-widget elementor-widget-google_maps\" data-id=\"feebbab\" data-element_type=\"widget\" data-widget_type=\"google_maps.default\">\n\t\t\t\t<div class=\"elementor-widget-container\">\n\t\t\t\t\t\t\t<div class=\"elementor-custom-embed\">\n\t\t\t<iframe loading=\"lazy\"\n\t\t\t\t\tsrc=\"https:\/\/maps.google.com\/maps?q=Sion%2C%20Route%20de%20Chandoline%2037%2C%20Sion%2C%201950%2C%20Sion%2C%20Suisse&#038;t=m&#038;z=14&#038;output=embed&#038;iwloc=near\"\n\t\t\t\t\ttitle=\"Sion, Route de Chandoline 37, Sion, 1950, Sion, Suisse\"\n\t\t\t\t\taria-label=\"Sion, Route de Chandoline 37, Sion, 1950, Sion, Suisse\"\n\t\t\t><\/iframe>\n\t\t<\/div>\n\t\t\t\t\t\t<\/div>\n\t\t\t\t<\/div>\n\t\t\t\t<\/div>\n\t\t\t\t<\/div>\n\t\t\t\t<\/div>\n\t\t\t\t<\/div>","protected":false},"excerpt":{"rendered":"<p>Contactez-nous Tout projet m\u00e9rite le plus grand soin Adresse:\u00a0 \u00a0 \u00a0 \u00a0 \u00a0 \u00a0Route de Chandoline 37\u00a0 \u00a0 \u00a0 \u00a0 \u00a0 \u00a0 \u00a0 \u00a0 \u00a0 \u00a0 \u00a0 \u00a0 \u00a0 1950 SionT\u00e9l\u00e9phone:\u00a0 \u00a0 \u00a0 \u00a0+41 27 203 33 21E-mail:\u00a0 \u00a0 \u00a0 \u00a0 \u00a0 \u00a0 \u00a0 info@valairsa.ch<\/p>","protected":false},"author":5,"featured_media":0,"parent":0,"menu_order":0,"comment_status":"closed","ping_status":"closed","template":"","meta":{"footnotes":""},"class_list":["post-197","page","type-page","status-publish","hentry"],"yoast_head":"<!-- This site is optimized with the Yoast SEO plugin v26.3 - https:\/\/yoast.com\/wordpress\/plugins\/seo\/ -->\n<title>Contactez Valair SA | Votre partenaire en confort thermique<\/title>\n<meta name=\"description\" content=\"Contactez notre \u00e9quipe pour un devis ou une intervention pour vos projets de chauffage, ventilation, climatisation et sanitaire en Valais.\" \/>\n<meta name=\"robots\" content=\"index, follow, max-snippet:-1, max-image-preview:large, max-video-preview:-1\" \/>\n<link rel=\"canonical\" href=\"https:\/\/valairsa.ch\/de\/contact\/\" \/>\n<meta property=\"og:locale\" content=\"de_DE\" \/>\n<meta property=\"og:type\" content=\"article\" \/>\n<meta property=\"og:title\" content=\"Contactez Valair SA | Votre partenaire en confort thermique et sanitaire\" \/>\n<meta property=\"og:description\" content=\"Besoin d\u2019un conseil, d\u2019un devis ou d\u2019une intervention ? L\u2019\u00e9quipe Valair SA est \u00e0 votre \u00e9coute. Parlons de votre projet !\" \/>\n<meta property=\"og:url\" content=\"https:\/\/valairsa.ch\/de\/contact\/\" \/>\n<meta property=\"og:site_name\" content=\"VALAIR\" \/>\n<meta property=\"article:modified_time\" content=\"2025-11-24T15:00:48+00:00\" \/>\n<meta property=\"og:image\" content=\"https:\/\/valairsa.ch\/wp-content\/uploads\/2025\/11\/valair1.png\" \/>\n\t<meta property=\"og:image:width\" content=\"1200\" \/>\n\t<meta property=\"og:image:height\" content=\"675\" \/>\n\t<meta property=\"og:image:type\" content=\"image\/png\" \/>\n<meta name=\"twitter:card\" content=\"summary_large_image\" \/>\n<meta name=\"twitter:label1\" content=\"Gesch\u00e4tzte Lesezeit\" \/>\n\t<meta name=\"twitter:data1\" content=\"1\u00a0Minute\" \/>\n<script type=\"application\/ld+json\" class=\"yoast-schema-graph\">{\"@context\":\"https:\/\/schema.org\",\"@graph\":[{\"@type\":\"WebPage\",\"@id\":\"https:\/\/valairsa.ch\/contact\/\",\"url\":\"https:\/\/valairsa.ch\/contact\/\",\"name\":\"Contactez Valair SA | Votre partenaire en confort thermique\",\"isPartOf\":{\"@id\":\"http:\/\/valairsa.ch\/#website\"},\"datePublished\":\"2025-11-03T14:31:00+00:00\",\"dateModified\":\"2025-11-24T15:00:48+00:00\",\"description\":\"Contactez notre \u00e9quipe pour un devis ou une intervention pour vos projets de chauffage, ventilation, climatisation et sanitaire en Valais.\",\"breadcrumb\":{\"@id\":\"https:\/\/valairsa.ch\/contact\/#breadcrumb\"},\"inLanguage\":\"de\",\"potentialAction\":[{\"@type\":\"ReadAction\",\"target\":[\"https:\/\/valairsa.ch\/contact\/\"]}]},{\"@type\":\"BreadcrumbList\",\"@id\":\"https:\/\/valairsa.ch\/contact\/#breadcrumb\",\"itemListElement\":[{\"@type\":\"ListItem\",\"position\":1,\"name\":\"Accueil\",\"item\":\"http:\/\/valairsa.ch\/\"},{\"@type\":\"ListItem\",\"position\":2,\"name\":\"Contact\"}]},{\"@type\":\"WebSite\",\"@id\":\"http:\/\/valairsa.ch\/#website\",\"url\":\"http:\/\/valairsa.ch\/\",\"name\":\"VALAIR\",\"description\":\"T\u00f4lerie Ventilation SA\",\"publisher\":{\"@id\":\"http:\/\/valairsa.ch\/#organization\"},\"potentialAction\":[{\"@type\":\"SearchAction\",\"target\":{\"@type\":\"EntryPoint\",\"urlTemplate\":\"http:\/\/valairsa.ch\/?s={search_term_string}\"},\"query-input\":{\"@type\":\"PropertyValueSpecification\",\"valueRequired\":true,\"valueName\":\"search_term_string\"}}],\"inLanguage\":\"de\"},{\"@type\":\"Organization\",\"@id\":\"http:\/\/valairsa.ch\/#organization\",\"name\":\"VALAIR\",\"url\":\"http:\/\/valairsa.ch\/\",\"logo\":{\"@type\":\"ImageObject\",\"inLanguage\":\"de\",\"@id\":\"http:\/\/valairsa.ch\/#\/schema\/logo\/image\/\",\"url\":\"https:\/\/valair.mydmc.ch\/wp-content\/uploads\/2025\/11\/valair.png\",\"contentUrl\":\"https:\/\/valair.mydmc.ch\/wp-content\/uploads\/2025\/11\/valair.png\",\"width\":1200,\"height\":675,\"caption\":\"VALAIR\"},\"image\":{\"@id\":\"http:\/\/valairsa.ch\/#\/schema\/logo\/image\/\"}}]}<\/script>\n<!-- \/ Yoast SEO plugin. -->","yoast_head_json":{"title":"Contactez Valair SA | Votre partenaire en confort thermique","description":"Contactez notre \u00e9quipe pour un devis ou une intervention pour vos projets de chauffage, ventilation, climatisation et sanitaire en Valais.","robots":{"index":"index","follow":"follow","max-snippet":"max-snippet:-1","max-image-preview":"max-image-preview:large","max-video-preview":"max-video-preview:-1"},"canonical":"https:\/\/valairsa.ch\/de\/contact\/","og_locale":"de_DE","og_type":"article","og_title":"Contactez Valair SA | Votre partenaire en confort thermique et sanitaire","og_description":"Besoin d\u2019un conseil, d\u2019un devis ou d\u2019une intervention ? L\u2019\u00e9quipe Valair SA est \u00e0 votre \u00e9coute. Parlons de votre projet !","og_url":"https:\/\/valairsa.ch\/de\/contact\/","og_site_name":"VALAIR","article_modified_time":"2025-11-24T15:00:48+00:00","og_image":[{"width":1200,"height":675,"url":"https:\/\/valairsa.ch\/wp-content\/uploads\/2025\/11\/valair1.png","type":"image\/png"}],"twitter_card":"summary_large_image","twitter_misc":{"Gesch\u00e4tzte Lesezeit":"1\u00a0Minute"},"schema":{"@context":"https:\/\/schema.org","@graph":[{"@type":"WebPage","@id":"https:\/\/valairsa.ch\/contact\/","url":"https:\/\/valairsa.ch\/contact\/","name":"Contactez Valair SA | Votre partenaire en confort thermique","isPartOf":{"@id":"http:\/\/valairsa.ch\/#website"},"datePublished":"2025-11-03T14:31:00+00:00","dateModified":"2025-11-24T15:00:48+00:00","description":"Contactez notre \u00e9quipe pour un devis ou une intervention pour vos projets de chauffage, ventilation, climatisation et sanitaire en Valais.","breadcrumb":{"@id":"https:\/\/valairsa.ch\/contact\/#breadcrumb"},"inLanguage":"de","potentialAction":[{"@type":"ReadAction","target":["https:\/\/valairsa.ch\/contact\/"]}]},{"@type":"BreadcrumbList","@id":"https:\/\/valairsa.ch\/contact\/#breadcrumb","itemListElement":[{"@type":"ListItem","position":1,"name":"Accueil","item":"http:\/\/valairsa.ch\/"},{"@type":"ListItem","position":2,"name":"Contact"}]},{"@type":"WebSite","@id":"http:\/\/valairsa.ch\/#website","url":"http:\/\/valairsa.ch\/","name":"VALAIR","description":"T\u00f4lerie Ventilation SA","publisher":{"@id":"http:\/\/valairsa.ch\/#organization"},"potentialAction":[{"@type":"SearchAction","target":{"@type":"EntryPoint","urlTemplate":"http:\/\/valairsa.ch\/?s={search_term_string}"},"query-input":{"@type":"PropertyValueSpecification","valueRequired":true,"valueName":"search_term_string"}}],"inLanguage":"de"},{"@type":"Organization","@id":"http:\/\/valairsa.ch\/#organization","name":"VALAIR","url":"http:\/\/valairsa.ch\/","logo":{"@type":"ImageObject","inLanguage":"de","@id":"http:\/\/valairsa.ch\/#\/schema\/logo\/image\/","url":"https:\/\/valair.mydmc.ch\/wp-content\/uploads\/2025\/11\/valair.png","contentUrl":"https:\/\/valair.mydmc.ch\/wp-content\/uploads\/2025\/11\/valair.png","width":1200,"height":675,"caption":"VALAIR"},"image":{"@id":"http:\/\/valairsa.ch\/#\/schema\/logo\/image\/"}}]}},"_links":{"self":[{"href":"https:\/\/valairsa.ch\/de\/wp-json\/wp\/v2\/pages\/197","targetHints":{"allow":["GET"]}}],"collection":[{"href":"https:\/\/valairsa.ch\/de\/wp-json\/wp\/v2\/pages"}],"about":[{"href":"https:\/\/valairsa.ch\/de\/wp-json\/wp\/v2\/types\/page"}],"author":[{"embeddable":true,"href":"https:\/\/valairsa.ch\/de\/wp-json\/wp\/v2\/users\/5"}],"replies":[{"embeddable":true,"href":"https:\/\/valairsa.ch\/de\/wp-json\/wp\/v2\/comments?post=197"}],"version-history":[{"count":40,"href":"https:\/\/valairsa.ch\/de\/wp-json\/wp\/v2\/pages\/197\/revisions"}],"predecessor-version":[{"id":443,"href":"https:\/\/valairsa.ch\/de\/wp-json\/wp\/v2\/pages\/197\/revisions\/443"}],"wp:attachment":[{"href":"https:\/\/valairsa.ch\/de\/wp-json\/wp\/v2\/media?parent=197"}],"curies":[{"name":"wp","href":"https:\/\/api.w.org\/{rel}","templated":true}]}}