{"id":193,"date":"2025-11-03T14:30:54","date_gmt":"2025-11-03T14:30:54","guid":{"rendered":"https:\/\/valair.mydmc.ch\/?page_id=193"},"modified":"2025-11-06T13:28:15","modified_gmt":"2025-11-06T13:28:15","slug":"offres-demploi","status":"publish","type":"page","link":"https:\/\/valairsa.ch\/de\/offres-demploi\/","title":{"rendered":"Offres d&#8217;emploi"},"content":{"rendered":"<div data-elementor-type=\"wp-page\" data-elementor-id=\"193\" class=\"elementor elementor-193\" data-elementor-post-type=\"page\">\n\t\t\t\t<div class=\"elementor-element elementor-element-63adea7 e-con-full e-flex e-con e-parent\" data-id=\"63adea7\" data-element_type=\"container\" data-settings=\"{&quot;background_background&quot;:&quot;classic&quot;}\">\n\t\t\t\t<div class=\"elementor-element elementor-element-252d687 elementor-invisible elementor-widget elementor-widget-heading\" data-id=\"252d687\" data-element_type=\"widget\" data-settings=\"{&quot;_animation&quot;:&quot;fadeInRight&quot;}\" data-widget_type=\"heading.default\">\n\t\t\t\t<div class=\"elementor-widget-container\">\n\t\t\t\t\t<h2 class=\"elementor-heading-title elementor-size-default\">Arbeitspl\u00e4tze<\/h2>\t\t\t\t<\/div>\n\t\t\t\t<\/div>\n\t\t\t\t<\/div>\n\t\t<div class=\"elementor-element elementor-element-13c050a e-con-full e-flex e-con e-parent\" data-id=\"13c050a\" data-element_type=\"container\">\n\t\t<div class=\"elementor-element elementor-element-d150da6 e-con-full e-flex e-con e-child\" data-id=\"d150da6\" data-element_type=\"container\">\n\t\t<div class=\"elementor-element elementor-element-a7a65ac e-con-full e-flex e-con e-child\" data-id=\"a7a65ac\" data-element_type=\"container\">\n\t\t\t\t<div class=\"elementor-element elementor-element-afced3b elementor-invisible elementor-widget elementor-widget-image\" data-id=\"afced3b\" data-element_type=\"widget\" data-settings=\"{&quot;_animation&quot;:&quot;zoomIn&quot;}\" data-widget_type=\"image.default\">\n\t\t\t\t<div class=\"elementor-widget-container\">\n\t\t\t\t\t\t\t\t\t\t\t\t\t\t\t<img fetchpriority=\"high\" decoding=\"async\" width=\"626\" height=\"992\" src=\"https:\/\/valairsa.ch\/wp-content\/uploads\/2025\/11\/LOGOVALAIRSA-1920w.png\" class=\"attachment-large size-large wp-image-317\" alt=\"\" srcset=\"https:\/\/valairsa.ch\/wp-content\/uploads\/2025\/11\/LOGOVALAIRSA-1920w.png 626w, https:\/\/valairsa.ch\/wp-content\/uploads\/2025\/11\/LOGOVALAIRSA-1920w-189x300.png 189w\" sizes=\"(max-width: 626px) 100vw, 626px\" \/>\t\t\t\t\t\t\t\t\t\t\t\t\t\t\t<\/div>\n\t\t\t\t<\/div>\n\t\t\t\t<\/div>\n\t\t<div class=\"elementor-element elementor-element-ec2317c e-con-full e-flex e-con e-child\" data-id=\"ec2317c\" data-element_type=\"container\">\n\t\t\t\t<div class=\"elementor-element elementor-element-7273586 elementor-invisible elementor-widget elementor-widget-heading\" data-id=\"7273586\" data-element_type=\"widget\" data-settings=\"{&quot;_animation&quot;:&quot;zoomIn&quot;}\" data-widget_type=\"heading.default\">\n\t\t\t\t<div class=\"elementor-widget-container\">\n\t\t\t\t\t<h2 class=\"elementor-heading-title elementor-size-default\">Erbauer von L\u00fcftungsanlagen\/Werkstatt-Klempner\/Hersteller von Industrieanlagen mit Schwerpunkt Feinblechbearbeitung\/Industrieblecher.<\/h2>\t\t\t\t<\/div>\n\t\t\t\t<\/div>\n\t\t\t\t<div class=\"elementor-element elementor-element-0cadeb2 elementor-invisible elementor-widget elementor-widget-text-editor\" data-id=\"0cadeb2\" data-element_type=\"widget\" data-settings=\"{&quot;_animation&quot;:&quot;zoomIn&quot;}\" data-widget_type=\"text-editor.default\">\n\t\t\t\t<div class=\"elementor-widget-container\">\n\t\t\t\t\t\t\t\t\t<p class=\"text-align-justify\"><span class=\"\">Die Vielfalt dieser Funktion erfordert von Ihnen technische Kenntnisse in:<\/span><\/p><p class=\"text-align-justify\"><span class=\"\">Herstellung von Metallkan\u00e4len f\u00fcr den Lufttransport durch Clip-System, Faltung oder WIG-Schwei\u00dfverfahren (verzinkter Stahl, Aluminium, Edelstahl, Kupfer, Titanzink, Uginox usw.)<\/span><\/p><ul class=\"defaultList bullet\"><li class=\"text-align-justify\">Herstellung von quadratischen L\u00fcftungskan\u00e4len (gerade Kan\u00e4le und Formteile) oder runden (Zubeh\u00f6r und Rohre im Spiro-Stil).<br \/><br \/><\/li><li class=\"text-align-justify\"><span class=\"\">Verst\u00e4rken, maschinell bearbeiten, isolieren, falten, kitten der dimensionierten Teile.<br \/><br \/><\/span><\/li><li class=\"text-align-justify\"><span class=\"\">Herstellung von Regenschutzgittern, haupts\u00e4chlich aus Aluminium, Edelstahl oder verzinktem Stahl.<br \/><br \/><\/span><\/li><li class=\"text-align-justify\">Herstellung von bikonischen Regensichere Bel\u00fcftungskappen f\u00fcr den Luftaustritt.<br \/><br \/><\/li><\/ul><p class=\"text-align-justify\"><span class=\"\">Au\u00dferdem m\u00fcssen Sie an numerisch gesteuerten Maschinen arbeiten:<\/span><\/p><ul class=\"defaultList bullet\"><li class=\"text-align-justify\"><span class=\"\">Falzapparat, Presse, Plasmamaschine, Schere etc.<br \/><br \/><\/span><\/li><\/ul><p class=\"text-align-justify\"><span class=\"\">Au\u00dferdem m\u00fcssen Sie an numerisch gesteuerten Maschinen arbeiten:\n\nFalzapparat, Presse, Plasmamaschine, Schere etc.<br \/><br \/><\/span><span class=\"\">Sie verf\u00fcgen \u00fcber eine Qualifikation des L\u00fcftungsanlagenherstellers CFC oder eine gleichwertige Ausbildung.<br \/><br \/><\/span><span class=\"\">Sie profitieren von fundierter Erfahrung in diesem T\u00e4tigkeitsbereich.Sie beherrschen Schwei\u00dfverfahren, insbesondere WIG. Sie sind dynamisch, flexibel und l\u00f6sungsorientiert<br \/><br \/><\/span><span class=\"\">Sie haben die M\u00f6glichkeit, Ihre F\u00e4higkeiten einzusetzen und Ihre Qualit\u00e4ten zu verbessern.<br \/><br \/><\/span>Wir freuen uns auf Ihre vollst\u00e4ndigen Bewerbungsunterlagen per E-Mail an Herrn Matteo Testoni (info@valairsa.ch)<a href=\"mailto:info@valairsa.ch\" target=\"_blank\" rel=\"noopener\" type=\"email\"><span style=\"color: #000000;\">info@valairsa.ch<\/span><\/a>)<\/p>\t\t\t\t\t\t\t\t<\/div>\n\t\t\t\t<\/div>\n\t\t\t\t<div class=\"elementor-element elementor-element-bbda6d8 elementor-mobile-align-center elementor-invisible elementor-widget elementor-widget-button\" data-id=\"bbda6d8\" data-element_type=\"widget\" data-settings=\"{&quot;_animation&quot;:&quot;fadeInUp&quot;}\" data-widget_type=\"button.default\">\n\t\t\t\t<div class=\"elementor-widget-container\">\n\t\t\t\t\t\t\t\t\t<div class=\"elementor-button-wrapper\">\n\t\t\t\t\t<a class=\"elementor-button elementor-button-link elementor-size-sm\" href=\"#elementor-action%3Aaction%3Dpopup%3Aopen%26settings%3DeyJpZCI6IjMzMSIsInRvZ2dsZSI6ZmFsc2V9\">\n\t\t\t\t\t\t<span class=\"elementor-button-content-wrapper\">\n\t\t\t\t\t\t\t\t\t<span class=\"elementor-button-text\">Bewerben<\/span>\n\t\t\t\t\t<\/span>\n\t\t\t\t\t<\/a>\n\t\t\t\t<\/div>\n\t\t\t\t\t\t\t\t<\/div>\n\t\t\t\t<\/div>\n\t\t\t\t<\/div>\n\t\t\t\t<\/div>\n\t\t\t\t<\/div>\n\t\t\t\t<\/div>","protected":false},"excerpt":{"rendered":"<p>Offres d&#8217;emploi Constructeur d\u2019installations de ventilation\/ferblantier d\u2019atelier\/constructeur d\u2019appareil industriel orient\u00e9 t\u00f4lerie fine\/t\u00f4lier industriel. La diversit\u00e9 de cette fonction n\u00e9cessitera de votre part des connaissances techniques en mati\u00e8re de : Fabrication de conduits m\u00e9tallique destin\u00e9 au transport d\u2019air par syst\u00e8me d\u2019agrafe, pliage ou par proc\u00e9d\u00e9 de soudure TIG (acier galvanis\u00e9, alu, inox, cuivre, zinc titane, uginox [&hellip;]<\/p>","protected":false},"author":5,"featured_media":0,"parent":0,"menu_order":0,"comment_status":"closed","ping_status":"closed","template":"","meta":{"footnotes":""},"class_list":["post-193","page","type-page","status-publish","hentry"],"yoast_head":"<!-- This site is optimized with the Yoast SEO plugin v26.3 - https:\/\/yoast.com\/wordpress\/plugins\/seo\/ -->\n<title>Rejoignez Valair | Explorez nos postes ouverts<\/title>\n<meta name=\"description\" content=\"Participez \u00e0 nos projets techniques! D\u00e9couvrez nos offres d\u2019emploi en chauffage, ventilation, climatisation et sanitaire.\" \/>\n<meta name=\"robots\" content=\"index, follow, max-snippet:-1, max-image-preview:large, max-video-preview:-1\" \/>\n<link rel=\"canonical\" href=\"https:\/\/valairsa.ch\/de\/offres-demploi\/\" \/>\n<meta property=\"og:locale\" content=\"de_DE\" \/>\n<meta property=\"og:type\" content=\"article\" \/>\n<meta property=\"og:title\" content=\"Rejoignez Valair | Explorez nos postes ouverts\" \/>\n<meta property=\"og:description\" content=\"D\u00e9couvrez nos offres d\u2019emploi en chauffage, ventilation, climatisation et sanitaire.\" \/>\n<meta property=\"og:url\" content=\"https:\/\/valairsa.ch\/de\/offres-demploi\/\" \/>\n<meta property=\"og:site_name\" content=\"VALAIR\" \/>\n<meta property=\"article:modified_time\" content=\"2025-11-06T13:28:15+00:00\" \/>\n<meta property=\"og:image\" content=\"https:\/\/valairsa.ch\/wp-content\/uploads\/2025\/11\/valair1.png\" \/>\n\t<meta property=\"og:image:width\" content=\"1200\" \/>\n\t<meta property=\"og:image:height\" content=\"675\" \/>\n\t<meta property=\"og:image:type\" content=\"image\/png\" \/>\n<meta name=\"twitter:card\" content=\"summary_large_image\" \/>\n<meta name=\"twitter:label1\" content=\"Gesch\u00e4tzte Lesezeit\" \/>\n\t<meta name=\"twitter:data1\" content=\"2\u00a0Minuten\" \/>\n<script type=\"application\/ld+json\" class=\"yoast-schema-graph\">{\"@context\":\"https:\/\/schema.org\",\"@graph\":[{\"@type\":\"WebPage\",\"@id\":\"https:\/\/valairsa.ch\/offres-demploi\/\",\"url\":\"https:\/\/valairsa.ch\/offres-demploi\/\",\"name\":\"Rejoignez Valair | Explorez nos postes ouverts\",\"isPartOf\":{\"@id\":\"http:\/\/valairsa.ch\/#website\"},\"primaryImageOfPage\":{\"@id\":\"https:\/\/valairsa.ch\/offres-demploi\/#primaryimage\"},\"image\":{\"@id\":\"https:\/\/valairsa.ch\/offres-demploi\/#primaryimage\"},\"thumbnailUrl\":\"https:\/\/valair.mydmc.ch\/wp-content\/uploads\/2025\/11\/LOGOVALAIRSA-1920w.png\",\"datePublished\":\"2025-11-03T14:30:54+00:00\",\"dateModified\":\"2025-11-06T13:28:15+00:00\",\"description\":\"Participez \u00e0 nos projets techniques! D\u00e9couvrez nos offres d\u2019emploi en chauffage, ventilation, climatisation et sanitaire.\",\"breadcrumb\":{\"@id\":\"https:\/\/valairsa.ch\/offres-demploi\/#breadcrumb\"},\"inLanguage\":\"de\",\"potentialAction\":[{\"@type\":\"ReadAction\",\"target\":[\"https:\/\/valairsa.ch\/offres-demploi\/\"]}]},{\"@type\":\"ImageObject\",\"inLanguage\":\"de\",\"@id\":\"https:\/\/valairsa.ch\/offres-demploi\/#primaryimage\",\"url\":\"https:\/\/valair.mydmc.ch\/wp-content\/uploads\/2025\/11\/LOGOVALAIRSA-1920w.png\",\"contentUrl\":\"https:\/\/valair.mydmc.ch\/wp-content\/uploads\/2025\/11\/LOGOVALAIRSA-1920w.png\"},{\"@type\":\"BreadcrumbList\",\"@id\":\"https:\/\/valairsa.ch\/offres-demploi\/#breadcrumb\",\"itemListElement\":[{\"@type\":\"ListItem\",\"position\":1,\"name\":\"Accueil\",\"item\":\"http:\/\/valairsa.ch\/\"},{\"@type\":\"ListItem\",\"position\":2,\"name\":\"Offres d&#8217;emploi\"}]},{\"@type\":\"WebSite\",\"@id\":\"http:\/\/valairsa.ch\/#website\",\"url\":\"http:\/\/valairsa.ch\/\",\"name\":\"VALAIR\",\"description\":\"T\u00f4lerie Ventilation SA\",\"publisher\":{\"@id\":\"http:\/\/valairsa.ch\/#organization\"},\"potentialAction\":[{\"@type\":\"SearchAction\",\"target\":{\"@type\":\"EntryPoint\",\"urlTemplate\":\"http:\/\/valairsa.ch\/?s={search_term_string}\"},\"query-input\":{\"@type\":\"PropertyValueSpecification\",\"valueRequired\":true,\"valueName\":\"search_term_string\"}}],\"inLanguage\":\"de\"},{\"@type\":\"Organization\",\"@id\":\"http:\/\/valairsa.ch\/#organization\",\"name\":\"VALAIR\",\"url\":\"http:\/\/valairsa.ch\/\",\"logo\":{\"@type\":\"ImageObject\",\"inLanguage\":\"de\",\"@id\":\"http:\/\/valairsa.ch\/#\/schema\/logo\/image\/\",\"url\":\"https:\/\/valair.mydmc.ch\/wp-content\/uploads\/2025\/11\/valair.png\",\"contentUrl\":\"https:\/\/valair.mydmc.ch\/wp-content\/uploads\/2025\/11\/valair.png\",\"width\":1200,\"height\":675,\"caption\":\"VALAIR\"},\"image\":{\"@id\":\"http:\/\/valairsa.ch\/#\/schema\/logo\/image\/\"}}]}<\/script>\n<!-- \/ Yoast SEO plugin. -->","yoast_head_json":{"title":"Rejoignez Valair | Explorez nos postes ouverts","description":"Participez \u00e0 nos projets techniques! D\u00e9couvrez nos offres d\u2019emploi en chauffage, ventilation, climatisation et sanitaire.","robots":{"index":"index","follow":"follow","max-snippet":"max-snippet:-1","max-image-preview":"max-image-preview:large","max-video-preview":"max-video-preview:-1"},"canonical":"https:\/\/valairsa.ch\/de\/offres-demploi\/","og_locale":"de_DE","og_type":"article","og_title":"Rejoignez Valair | Explorez nos postes ouverts","og_description":"D\u00e9couvrez nos offres d\u2019emploi en chauffage, ventilation, climatisation et sanitaire.","og_url":"https:\/\/valairsa.ch\/de\/offres-demploi\/","og_site_name":"VALAIR","article_modified_time":"2025-11-06T13:28:15+00:00","og_image":[{"width":1200,"height":675,"url":"https:\/\/valairsa.ch\/wp-content\/uploads\/2025\/11\/valair1.png","type":"image\/png"}],"twitter_card":"summary_large_image","twitter_misc":{"Gesch\u00e4tzte Lesezeit":"2\u00a0Minuten"},"schema":{"@context":"https:\/\/schema.org","@graph":[{"@type":"WebPage","@id":"https:\/\/valairsa.ch\/offres-demploi\/","url":"https:\/\/valairsa.ch\/offres-demploi\/","name":"Rejoignez Valair | Explorez nos postes ouverts","isPartOf":{"@id":"http:\/\/valairsa.ch\/#website"},"primaryImageOfPage":{"@id":"https:\/\/valairsa.ch\/offres-demploi\/#primaryimage"},"image":{"@id":"https:\/\/valairsa.ch\/offres-demploi\/#primaryimage"},"thumbnailUrl":"https:\/\/valair.mydmc.ch\/wp-content\/uploads\/2025\/11\/LOGOVALAIRSA-1920w.png","datePublished":"2025-11-03T14:30:54+00:00","dateModified":"2025-11-06T13:28:15+00:00","description":"Participez \u00e0 nos projets techniques! D\u00e9couvrez nos offres d\u2019emploi en chauffage, ventilation, climatisation et sanitaire.","breadcrumb":{"@id":"https:\/\/valairsa.ch\/offres-demploi\/#breadcrumb"},"inLanguage":"de","potentialAction":[{"@type":"ReadAction","target":["https:\/\/valairsa.ch\/offres-demploi\/"]}]},{"@type":"ImageObject","inLanguage":"de","@id":"https:\/\/valairsa.ch\/offres-demploi\/#primaryimage","url":"https:\/\/valair.mydmc.ch\/wp-content\/uploads\/2025\/11\/LOGOVALAIRSA-1920w.png","contentUrl":"https:\/\/valair.mydmc.ch\/wp-content\/uploads\/2025\/11\/LOGOVALAIRSA-1920w.png"},{"@type":"BreadcrumbList","@id":"https:\/\/valairsa.ch\/offres-demploi\/#breadcrumb","itemListElement":[{"@type":"ListItem","position":1,"name":"Accueil","item":"http:\/\/valairsa.ch\/"},{"@type":"ListItem","position":2,"name":"Offres d&#8217;emploi"}]},{"@type":"WebSite","@id":"http:\/\/valairsa.ch\/#website","url":"http:\/\/valairsa.ch\/","name":"VALAIR","description":"T\u00f4lerie Ventilation SA","publisher":{"@id":"http:\/\/valairsa.ch\/#organization"},"potentialAction":[{"@type":"SearchAction","target":{"@type":"EntryPoint","urlTemplate":"http:\/\/valairsa.ch\/?s={search_term_string}"},"query-input":{"@type":"PropertyValueSpecification","valueRequired":true,"valueName":"search_term_string"}}],"inLanguage":"de"},{"@type":"Organization","@id":"http:\/\/valairsa.ch\/#organization","name":"VALAIR","url":"http:\/\/valairsa.ch\/","logo":{"@type":"ImageObject","inLanguage":"de","@id":"http:\/\/valairsa.ch\/#\/schema\/logo\/image\/","url":"https:\/\/valair.mydmc.ch\/wp-content\/uploads\/2025\/11\/valair.png","contentUrl":"https:\/\/valair.mydmc.ch\/wp-content\/uploads\/2025\/11\/valair.png","width":1200,"height":675,"caption":"VALAIR"},"image":{"@id":"http:\/\/valairsa.ch\/#\/schema\/logo\/image\/"}}]}},"_links":{"self":[{"href":"https:\/\/valairsa.ch\/de\/wp-json\/wp\/v2\/pages\/193","targetHints":{"allow":["GET"]}}],"collection":[{"href":"https:\/\/valairsa.ch\/de\/wp-json\/wp\/v2\/pages"}],"about":[{"href":"https:\/\/valairsa.ch\/de\/wp-json\/wp\/v2\/types\/page"}],"author":[{"embeddable":true,"href":"https:\/\/valairsa.ch\/de\/wp-json\/wp\/v2\/users\/5"}],"replies":[{"embeddable":true,"href":"https:\/\/valairsa.ch\/de\/wp-json\/wp\/v2\/comments?post=193"}],"version-history":[{"count":19,"href":"https:\/\/valairsa.ch\/de\/wp-json\/wp\/v2\/pages\/193\/revisions"}],"predecessor-version":[{"id":395,"href":"https:\/\/valairsa.ch\/de\/wp-json\/wp\/v2\/pages\/193\/revisions\/395"}],"wp:attachment":[{"href":"https:\/\/valairsa.ch\/de\/wp-json\/wp\/v2\/media?parent=193"}],"curies":[{"name":"wp","href":"https:\/\/api.w.org\/{rel}","templated":true}]}}